{"id":1491,"date":"2025-10-31T13:41:50","date_gmt":"2025-10-31T17:41:50","guid":{"rendered":"https:\/\/www.centredomaine.com\/location\/"},"modified":"2026-03-23T08:18:55","modified_gmt":"2026-03-23T12:18:55","slug":"location","status":"publish","type":"page","link":"https:\/\/www.centredomaine.com\/fr\/location\/","title":{"rendered":"Location"},"content":{"rendered":"\t\t<div data-elementor-type=\"wp-page\" data-elementor-id=\"1491\" class=\"elementor elementor-1491 elementor-1271\" data-elementor-post-type=\"page\">\n\t\t\t\t<div class=\"elementor-element elementor-element-5272f4a e-flex e-con-boxed e-con e-parent\" data-id=\"5272f4a\" data-element_type=\"container\">\n\t\t\t\t\t<div class=\"e-con-inner\">\n\t\t<div class=\"elementor-element elementor-element-af91046 e-con-full e-flex e-con e-child\" data-id=\"af91046\" data-element_type=\"container\">\n\t\t\t\t<div class=\"elementor-element elementor-element-916ccad elementor-widget elementor-widget-text-editor\" data-id=\"916ccad\" data-element_type=\"widget\" data-widget_type=\"text-editor.default\">\n\t\t\t\t<div class=\"elementor-widget-container\">\n\t\t\t\t\t\t\t\t\t<h5><strong>LOCATION PERMANENTE :<\/strong><\/h5><div data-testid=\"richTextElement\"><p><a href=\"https:\/\/fcr.ca\/properties\/quebec\/montreal\/centre-commercial-domaine-2\/\" target=\"_blank\" rel=\"noreferrer noopener\">Cliquez ici<\/a> pour learn en savoir plus sur Centre Domaine.<\/p><p>Nancy Boucher<br>Gestionnaire principal de location<br>514-337-8611<br><a href=\"mailto:nancy.boucher@fcr.ca\">nancy.boucher@fcr.ca<\/a><\/p><h5><strong>LOCATION SP\u00c9CIALIS\u00c9E :<\/strong><\/h5><p>Merci de votre int\u00e9r\u00eat \u00e0 utiliser Centre Domaine pour promouvoir votre entreprise\/organisation!<\/p><p>Pour que le propri\u00e9taire approuve l&#8217;entente \u00e0 court terme d&#8217;installation dans le centre commercial, le processus suivant doit \u00eatre compl\u00e9t\u00e9 au moins 21 jours ouvrables avant la date d&#8217;installation demand\u00e9e.<\/p><p>\u00c9tape 1<br>Veuillez remplir ce formulaire et notre repr\u00e9sentant vous contactera. Assurez-vous d&#8217;atteindre le reste des \u00e9tapes et pr\u00e9parez-vous en cons\u00e9quence. <\/p><h2>Formulaire de location sp\u00e9cialis\u00e9e<\/h2><\/div>\t\t\t\t\t\t\t\t<\/div>\n\t\t\t\t<\/div>\n\t\t\t\t<div class=\"elementor-element elementor-element-c6196bf elementor-button-align-stretch elementor-widget elementor-widget-form\" data-id=\"c6196bf\" data-element_type=\"widget\" data-settings=\"{&quot;step_next_label&quot;:&quot;Suivant&quot;,&quot;step_previous_label&quot;:&quot;Pr\\u00e9c\\u00e9dent&quot;,&quot;button_width&quot;:&quot;100&quot;,&quot;step_type&quot;:&quot;number_text&quot;,&quot;step_icon_shape&quot;:&quot;circle&quot;}\" data-widget_type=\"form.default\">\n\t\t\t\t<div class=\"elementor-widget-container\">\n\t\t\t\t\t\t\t<form class=\"elementor-form\" method=\"post\" id=\"speciality_leasing_form\" name=\"Formulaire de location sp\u00e9cialis\u00e9e\" aria-label=\"Formulaire de location sp\u00e9cialis\u00e9e\">\n\t\t\t<input type=\"hidden\" name=\"post_id\" value=\"1491\"\/>\n\t\t\t<input type=\"hidden\" name=\"form_id\" value=\"c6196bf\"\/>\n\t\t\t<input type=\"hidden\" name=\"referer_title\" value=\"Centre Domaine\" \/>\n\n\t\t\t\n\t\t\t<div class=\"elementor-form-fields-wrapper elementor-labels-above\">\n\t\t\t\t\t\t\t\t<div class=\"elementor-field-type-email elementor-field-group elementor-column elementor-field-group-email elementor-col-100 elementor-field-required elementor-mark-required\">\n\t\t\t\t\t\t\t\t\t\t\t\t<label for=\"form-field-email\" class=\"elementor-field-label\">\n\t\t\t\t\t\t\t\tcourriel\t\t\t\t\t\t\t<\/label>\n\t\t\t\t\t\t\t\t\t\t\t\t\t\t<input size=\"1\" type=\"email\" name=\"form_fields[email]\" id=\"form-field-email\" class=\"elementor-field elementor-size-sm  elementor-field-textual\" required=\"required\">\n\t\t\t\t\t\t\t\t\t\t\t<\/div>\n\t\t\t\t\t\t\t\t<div class=\"elementor-field-type-text elementor-field-group elementor-column elementor-field-group-name elementor-col-100 elementor-field-required elementor-mark-required\">\n\t\t\t\t\t\t\t\t\t\t\t\t<label for=\"form-field-name\" class=\"elementor-field-label\">\n\t\t\t\t\t\t\t\tNom du contact\t\t\t\t\t\t\t<\/label>\n\t\t\t\t\t\t\t\t\t\t\t\t\t\t<input size=\"1\" type=\"text\" name=\"form_fields[name]\" id=\"form-field-name\" class=\"elementor-field elementor-size-sm  elementor-field-textual\" required=\"required\">\n\t\t\t\t\t\t\t\t\t\t\t<\/div>\n\t\t\t\t\t\t\t\t<div class=\"elementor-field-type-text elementor-field-group elementor-column elementor-field-group-field_5dddc2b elementor-col-100 elementor-field-required elementor-mark-required\">\n\t\t\t\t\t\t\t\t\t\t\t\t<label for=\"form-field-field_5dddc2b\" class=\"elementor-field-label\">\n\t\t\t\t\t\t\t\tNom l\u00e9gal de l'organisation\t\t\t\t\t\t\t<\/label>\n\t\t\t\t\t\t\t\t\t\t\t\t\t\t<input size=\"1\" type=\"text\" name=\"form_fields[field_5dddc2b]\" id=\"form-field-field_5dddc2b\" class=\"elementor-field elementor-size-sm  elementor-field-textual\" required=\"required\">\n\t\t\t\t\t\t\t\t\t\t\t<\/div>\n\t\t\t\t\t\t\t\t<div class=\"elementor-field-type-tel elementor-field-group elementor-column elementor-field-group-field_f53e375 elementor-col-100\">\n\t\t\t\t\t\t\t\t\t\t\t\t<label for=\"form-field-field_f53e375\" class=\"elementor-field-label\">\n\t\t\t\t\t\t\t\tT\u00e9l\u00e9phone\t\t\t\t\t\t\t<\/label>\n\t\t\t\t\t\t\t\t<input size=\"1\" type=\"tel\" name=\"form_fields[field_f53e375]\" id=\"form-field-field_f53e375\" class=\"elementor-field elementor-size-sm  elementor-field-textual\" pattern=\"[0-9()#&amp;+*-=.]+\" title=\"Seuls les caract\u00e8res de num\u00e9ros de t\u00e9l\u00e9phone (#, -, *, etc.) sont accept\u00e9s.\">\n\n\t\t\t\t\t\t<\/div>\n\t\t\t\t\t\t\t\t<div class=\"elementor-field-type-textarea elementor-field-group elementor-column elementor-field-group-message elementor-col-100\">\n\t\t\t\t\t\t\t\t\t\t\t\t<label for=\"form-field-message\" class=\"elementor-field-label\">\n\t\t\t\t\t\t\t\tUtilisation propos\u00e9e de l'espace\t\t\t\t\t\t\t<\/label>\n\t\t\t\t\t\t<textarea class=\"elementor-field-textual elementor-field  elementor-size-sm\" name=\"form_fields[message]\" id=\"form-field-message\" rows=\"4\" placeholder=\"Message\"><\/textarea>\t\t\t\t<\/div>\n\t\t\t\t\t\t\t\t<div class=\"elementor-field-type-recaptcha_v3 elementor-field-group elementor-column elementor-field-group-field_6a19ab7 elementor-col-100 recaptcha_v3-inline\">\n\t\t\t\t\t<div class=\"elementor-field\" id=\"form-field-field_6a19ab7\"><div class=\"elementor-g-recaptcha\" data-sitekey=\"6LeNU5EsAAAAAO1iYagBsPUZh0RO_oeYMN8QKSRo\" data-type=\"v3\" data-action=\"Form\" data-badge=\"inline\" data-size=\"invisible\"><\/div><\/div>\t\t\t\t<\/div>\n\t\t\t\t\t\t\t\t<div class=\"elementor-field-group elementor-column elementor-field-type-submit elementor-col-100 e-form__buttons\">\n\t\t\t\t\t<button class=\"elementor-button elementor-size-sm\" type=\"submit\">\n\t\t\t\t\t\t<span class=\"elementor-button-content-wrapper\">\n\t\t\t\t\t\t\t\t\t\t\t\t\t\t\t\t\t\t\t\t\t\t<span class=\"elementor-button-text\">Envoyer<\/span>\n\t\t\t\t\t\t\t\t\t\t\t\t\t<\/span>\n\t\t\t\t\t<\/button>\n\t\t\t\t<\/div>\n\t\t\t<\/div>\n\t\t<\/form>\n\t\t\t\t\t\t<\/div>\n\t\t\t\t<\/div>\n\t\t\t\t<div class=\"elementor-element elementor-element-a142b1e elementor-widget elementor-widget-text-editor\" data-id=\"a142b1e\" data-element_type=\"widget\" data-widget_type=\"text-editor.default\">\n\t\t\t\t<div class=\"elementor-widget-container\">\n\t\t\t\t\t\t\t\t\t<div id=\"comp-lyrcrnp2\" class=\"Z_l5lU ku3DBC zQ9jDz qvSjx3 Vq6kJx comp-lyrcrnp2 wixui-rich-text\" data-testid=\"richTextElement\"><h6 class=\"font_6 wixui-rich-text__text\"><strong>\u00c9TAPE 2<\/strong><br class=\"wixui-rich-text__text\">FOURNIR UN CERTIFICAT D&#8217;ASSURANCE<\/h6><p class=\"font_8 wixui-rich-text__text\">Fournissez un CERTIFICAT D&#8217;ASSURANCE au nom l\u00e9gal du vendeur, indiquant une couverture de responsabilit\u00e9 de 5 000 000,00 $ (2 000 000 $ pour les organisations \u00e0 but non lucratif) valide \u00e0 la ou aux dates de votre apparition au centre commercial, avec les noms suivants ajout\u00e9s en tant qu&#8217;assur\u00e9s suppl\u00e9mentaires sur la police :<\/p><p class=\"font_8 wixui-rich-text__text\">NOUVEAU &#8211; First Capital Real Estate Investment Trust, et chaque soci\u00e9t\u00e9, partenariat et fiducie qu&#8217;il contr\u00f4le.<\/p><p class=\"font_8 wixui-rich-text__text\">Les certificats d&#8217;assurance doivent inclure un avis d&#8217;annulation \u00e9crit de 30 jours \u00e0 l&#8217;intention du propri\u00e9taire.<\/p><p class=\"font_8 wixui-rich-text__text\">Le titulaire du certificat doit appara\u00eetre comme suit : First Capital Real Estate Investment Trust, et chaque soci\u00e9t\u00e9, soci\u00e9t\u00e9 de personnes et fiducie contr\u00f4l\u00e9e par celui-ci. 3235, avenue de Granby, Montr\u00e9al, H1N 2Z7.<\/p><p class=\"font_8 wixui-rich-text__text\"><span class=\"color_15 wixui-rich-text__text\"><span class=\"wixui-rich-text__text\">\u200b<\/span><\/span><\/p><h6 class=\"font_6 wixui-rich-text__text\"><strong>\u00c9TAPE 3 <\/strong><\/h6><h6 class=\"font_6 wixui-rich-text__text\">SIGNER L&#8217;ACCORD \u00c0 COURT TERME<\/h6><p class=\"font_8 wixui-rich-text__text\">Une fois que les informations ci-dessus auront \u00e9t\u00e9 re\u00e7ues par le bureau d&#8217;administration et que les exigences auront \u00e9t\u00e9 satisfaites, un accord \u00e0 court terme sera pr\u00e9par\u00e9 et envoy\u00e9 pour signature par le(s) signataire(s) autoris\u00e9(s) de ton organisation.<br class=\"wixui-rich-text__text\"> <\/p><h6 class=\"font_6 wixui-rich-text__text\"><strong>\u00c9TAPE 4<\/strong><br class=\"wixui-rich-text__text\">PAIEMENT CERTIFI\u00c9<\/h6><p class=\"font_8 wixui-rich-text__text\">Le paiement complet (le cas \u00e9ch\u00e9ant) doit \u00eatre envoy\u00e9 au bureau de l&#8217;administration avec l&#8217;accord sign\u00e9 retourn\u00e9. Le paiement doit \u00eatre effectu\u00e9 par ch\u00e8que certifi\u00e9 ou mandat-poste, payable uniquement \u00e0 : First Capital (Centre Domaine) Corporation.<br class=\"wixui-rich-text__text\"> <\/p><h6 class=\"font_6 wixui-rich-text__text\"><strong>\u00c9TAPE 5<\/strong><br class=\"wixui-rich-text__text\">APPROBATION DU PROPRI\u00c9TAIRE<\/h6><p class=\"font_8 wixui-rich-text__text\">Une fois que le propri\u00e9taire a approuv\u00e9 l&#8217;\u00e9v\u00e9nement\/l&#8217;accord, vous en serez inform\u00e9.<br class=\"wixui-rich-text__text\"> <\/p><h6 class=\"font_6 wixui-rich-text__text\"><strong>R\u00c8GLES ET R\u00c8GLEMENTS G\u00c9N\u00c9RAUX<\/strong><br class=\"wixui-rich-text__text\"> <\/h6><p class=\"font_8 wixui-rich-text__text\">Toute signalisation doit \u00eatre professionnelle et approuv\u00e9e par la direction. Tous les \u00e9talages doivent \u00eatre occup\u00e9s et la zone doit \u00eatre laiss\u00e9e propre et rang\u00e9e. Les pr\u00e9sentoirs doivent \u00eatre mont\u00e9s et d\u00e9mont\u00e9s avant et apr\u00e8s les heures d&#8217;ouverture du centre commercial. Le centre commercial ne sera pas responsable des articles perdus.<br class=\"wixui-rich-text__text\"> <\/p><p class=\"font_8 wixui-rich-text__text\">Vos biens et services ne doivent pas entrer en conflit avec d&#8217;autres locataires du centre commercial.<br class=\"wixui-rich-text__text\"> <\/p><p class=\"font_8 wixui-rich-text__text\">Si vous vendez des produits alimentaires, le propri\u00e9taire exige la confirmation de l&#8217;inspecteur de la sant\u00e9 publique, avant l&#8217;installation, qu&#8217;il sait que vous vous installez dans le centre.<br class=\"wixui-rich-text__text\"> <\/p><p class=\"font_8 wixui-rich-text__text\">En ce qui concerne les voitures et les machines, tous les r\u00e9servoirs d&#8217;essence doivent \u00eatre verrouill\u00e9s. Tous les v\u00e9hicules doivent \u00eatre solidement mont\u00e9s et s\u00e9curis\u00e9s pour des raisons de s\u00e9curit\u00e9. Les batteries doivent \u00eatre d\u00e9connect\u00e9es et de la moquette\/plastique doit \u00eatre plac\u00e9e sous les pneus et le carter d&#8217;huile. Un jeu de cl\u00e9s doit \u00eatre laiss\u00e9 \u00e0 la direction du centre commercial. Les vendeurs de billets ne peuvent solliciter ailleurs sur les lieux que les zones d\u00e9sign\u00e9es. Les taggeurs ou les vendeurs de billets ne peuvent pas approcher les acheteurs ou les locataires. Tous les jeunes Taggeurs doivent \u00eatre supervis\u00e9s par un adulte.<\/p><\/div>\t\t\t\t\t\t\t\t<\/div>\n\t\t\t\t<\/div>\n\t\t\t\t<\/div>\n\t\t\t\t\t<\/div>\n\t\t\t\t<\/div>\n\t\t\t\t<\/div>\n\t\t","protected":false},"excerpt":{"rendered":"<p>LOCATION PERMANENTE : Cliquez ici pour learn en savoir plus sur Centre Domaine. Nancy BoucherGestionnaire principal de location514-337-8611nancy.boucher@fcr.ca LOCATION SP\u00c9CIALIS\u00c9E : Merci de votre int\u00e9r\u00eat \u00e0 utiliser Centre Domaine pour promouvoir votre entreprise\/organisation! Pour que le propri\u00e9taire approuve l&#8217;entente \u00e0 court terme d&#8217;installation dans le centre commercial, le processus suivant doit \u00eatre compl\u00e9t\u00e9 au moins [&hellip;]<\/p>\n","protected":false},"author":4,"featured_media":0,"parent":0,"menu_order":0,"comment_status":"closed","ping_status":"closed","template":"elementor_theme","meta":{"_acf_changed":false,"footnotes":""},"class_list":["post-1491","page","type-page","status-publish","hentry"],"acf":[],"yoast_head":"<!-- This site is optimized with the Yoast SEO plugin v26.0 - https:\/\/yoast.com\/wordpress\/plugins\/seo\/ -->\n<title>Location - Centre Domaine<\/title>\n<meta name=\"robots\" content=\"index, follow, max-snippet:-1, max-image-preview:large, max-video-preview:-1\" \/>\n<link rel=\"canonical\" href=\"https:\/\/www.centredomaine.com\/fr\/location\/\" \/>\n<meta property=\"og:locale\" content=\"fr_FR\" \/>\n<meta property=\"og:type\" content=\"article\" \/>\n<meta property=\"og:title\" content=\"Location - Centre Domaine\" \/>\n<meta property=\"og:description\" content=\"LOCATION PERMANENTE : Cliquez ici pour learn en savoir plus sur Centre Domaine. Nancy BoucherGestionnaire principal de location514-337-8611nancy.boucher@fcr.ca LOCATION SP\u00c9CIALIS\u00c9E : Merci de votre int\u00e9r\u00eat \u00e0 utiliser Centre Domaine pour promouvoir votre entreprise\/organisation! Pour que le propri\u00e9taire approuve l&#8217;entente \u00e0 court terme d&#8217;installation dans le centre commercial, le processus suivant doit \u00eatre compl\u00e9t\u00e9 au moins [&hellip;]\" \/>\n<meta property=\"og:url\" content=\"https:\/\/www.centredomaine.com\/fr\/location\/\" \/>\n<meta property=\"og:site_name\" content=\"Centre Domaine\" \/>\n<meta property=\"article:modified_time\" content=\"2026-03-23T12:18:55+00:00\" \/>\n<meta name=\"twitter:card\" content=\"summary_large_image\" \/>\n<meta name=\"twitter:label1\" content=\"Dur\u00e9e de lecture estim\u00e9e\" \/>\n\t<meta name=\"twitter:data1\" content=\"3 minutes\" \/>\n<script type=\"application\/ld+json\" class=\"yoast-schema-graph\">{\"@context\":\"https:\/\/schema.org\",\"@graph\":[{\"@type\":\"WebPage\",\"@id\":\"https:\/\/www.centredomaine.com\/fr\/location\/\",\"url\":\"https:\/\/www.centredomaine.com\/fr\/location\/\",\"name\":\"Location - Centre Domaine\",\"isPartOf\":{\"@id\":\"https:\/\/www.centredomaine.com\/fr\/#website\"},\"datePublished\":\"2025-10-31T17:41:50+00:00\",\"dateModified\":\"2026-03-23T12:18:55+00:00\",\"breadcrumb\":{\"@id\":\"https:\/\/www.centredomaine.com\/fr\/location\/#breadcrumb\"},\"inLanguage\":\"fr-FR\",\"potentialAction\":[{\"@type\":\"ReadAction\",\"target\":[\"https:\/\/www.centredomaine.com\/fr\/location\/\"]}]},{\"@type\":\"BreadcrumbList\",\"@id\":\"https:\/\/www.centredomaine.com\/fr\/location\/#breadcrumb\",\"itemListElement\":[{\"@type\":\"ListItem\",\"position\":1,\"name\":\"Home\",\"item\":\"https:\/\/www.centredomaine.com\/fr\/\"},{\"@type\":\"ListItem\",\"position\":2,\"name\":\"Location\"}]},{\"@type\":\"WebSite\",\"@id\":\"https:\/\/www.centredomaine.com\/fr\/#website\",\"url\":\"https:\/\/www.centredomaine.com\/fr\/\",\"name\":\"Centre Domaine\",\"description\":\"\",\"potentialAction\":[{\"@type\":\"SearchAction\",\"target\":{\"@type\":\"EntryPoint\",\"urlTemplate\":\"https:\/\/www.centredomaine.com\/fr\/?s={search_term_string}\"},\"query-input\":{\"@type\":\"PropertyValueSpecification\",\"valueRequired\":true,\"valueName\":\"search_term_string\"}}],\"inLanguage\":\"fr-FR\"}]}<\/script>\n<!-- \/ Yoast SEO plugin. -->","yoast_head_json":{"title":"Location - Centre Domaine","robots":{"index":"index","follow":"follow","max-snippet":"max-snippet:-1","max-image-preview":"max-image-preview:large","max-video-preview":"max-video-preview:-1"},"canonical":"https:\/\/www.centredomaine.com\/fr\/location\/","og_locale":"fr_FR","og_type":"article","og_title":"Location - Centre Domaine","og_description":"LOCATION PERMANENTE : Cliquez ici pour learn en savoir plus sur Centre Domaine. Nancy BoucherGestionnaire principal de location514-337-8611nancy.boucher@fcr.ca LOCATION SP\u00c9CIALIS\u00c9E : Merci de votre int\u00e9r\u00eat \u00e0 utiliser Centre Domaine pour promouvoir votre entreprise\/organisation! Pour que le propri\u00e9taire approuve l&#8217;entente \u00e0 court terme d&#8217;installation dans le centre commercial, le processus suivant doit \u00eatre compl\u00e9t\u00e9 au moins [&hellip;]","og_url":"https:\/\/www.centredomaine.com\/fr\/location\/","og_site_name":"Centre Domaine","article_modified_time":"2026-03-23T12:18:55+00:00","twitter_card":"summary_large_image","twitter_misc":{"Dur\u00e9e de lecture estim\u00e9e":"3 minutes"},"schema":{"@context":"https:\/\/schema.org","@graph":[{"@type":"WebPage","@id":"https:\/\/www.centredomaine.com\/fr\/location\/","url":"https:\/\/www.centredomaine.com\/fr\/location\/","name":"Location - Centre Domaine","isPartOf":{"@id":"https:\/\/www.centredomaine.com\/fr\/#website"},"datePublished":"2025-10-31T17:41:50+00:00","dateModified":"2026-03-23T12:18:55+00:00","breadcrumb":{"@id":"https:\/\/www.centredomaine.com\/fr\/location\/#breadcrumb"},"inLanguage":"fr-FR","potentialAction":[{"@type":"ReadAction","target":["https:\/\/www.centredomaine.com\/fr\/location\/"]}]},{"@type":"BreadcrumbList","@id":"https:\/\/www.centredomaine.com\/fr\/location\/#breadcrumb","itemListElement":[{"@type":"ListItem","position":1,"name":"Home","item":"https:\/\/www.centredomaine.com\/fr\/"},{"@type":"ListItem","position":2,"name":"Location"}]},{"@type":"WebSite","@id":"https:\/\/www.centredomaine.com\/fr\/#website","url":"https:\/\/www.centredomaine.com\/fr\/","name":"Centre Domaine","description":"","potentialAction":[{"@type":"SearchAction","target":{"@type":"EntryPoint","urlTemplate":"https:\/\/www.centredomaine.com\/fr\/?s={search_term_string}"},"query-input":{"@type":"PropertyValueSpecification","valueRequired":true,"valueName":"search_term_string"}}],"inLanguage":"fr-FR"}]}},"_links":{"self":[{"href":"https:\/\/www.centredomaine.com\/fr\/wp-json\/wp\/v2\/pages\/1491","targetHints":{"allow":["GET"]}}],"collection":[{"href":"https:\/\/www.centredomaine.com\/fr\/wp-json\/wp\/v2\/pages"}],"about":[{"href":"https:\/\/www.centredomaine.com\/fr\/wp-json\/wp\/v2\/types\/page"}],"author":[{"embeddable":true,"href":"https:\/\/www.centredomaine.com\/fr\/wp-json\/wp\/v2\/users\/4"}],"replies":[{"embeddable":true,"href":"https:\/\/www.centredomaine.com\/fr\/wp-json\/wp\/v2\/comments?post=1491"}],"version-history":[{"count":7,"href":"https:\/\/www.centredomaine.com\/fr\/wp-json\/wp\/v2\/pages\/1491\/revisions"}],"predecessor-version":[{"id":1599,"href":"https:\/\/www.centredomaine.com\/fr\/wp-json\/wp\/v2\/pages\/1491\/revisions\/1599"}],"wp:attachment":[{"href":"https:\/\/www.centredomaine.com\/fr\/wp-json\/wp\/v2\/media?parent=1491"}],"curies":[{"name":"wp","href":"https:\/\/api.w.org\/{rel}","templated":true}]}}