{"id":1487,"date":"2025-02-06T13:10:31","date_gmt":"2025-02-06T18:10:31","guid":{"rendered":"https:\/\/www.centredomaine.com\/domicile\/"},"modified":"2026-03-04T10:33:09","modified_gmt":"2026-03-04T15:33:09","slug":"domicile","status":"publish","type":"page","link":"https:\/\/www.centredomaine.com\/fr\/","title":{"rendered":"Accueil"},"content":{"rendered":"\t\t<div data-elementor-type=\"wp-page\" data-elementor-id=\"1487\" class=\"elementor elementor-1487 elementor-90\" data-elementor-post-type=\"page\">\n\t\t\t\t<div class=\"elementor-element elementor-element-d17a0f7 e-con-full e-flex e-con e-parent\" data-id=\"d17a0f7\" data-element_type=\"container\">\n\t\t\t\t<div class=\"elementor-element elementor-element-be522ed elementor--h-position-center elementor--v-position-middle elementor-arrows-position-inside elementor-pagination-position-inside elementor-widget elementor-widget-slides\" data-id=\"be522ed\" data-element_type=\"widget\" data-settings=\"{&quot;navigation&quot;:&quot;both&quot;,&quot;autoplay&quot;:&quot;yes&quot;,&quot;pause_on_hover&quot;:&quot;yes&quot;,&quot;pause_on_interaction&quot;:&quot;yes&quot;,&quot;autoplay_speed&quot;:5000,&quot;infinite&quot;:&quot;yes&quot;,&quot;transition&quot;:&quot;slide&quot;,&quot;transition_speed&quot;:500}\" data-widget_type=\"slides.default\">\n\t\t\t\t<div class=\"elementor-widget-container\">\n\t\t\t\t\t\t\t\t\t<div class=\"elementor-swiper\">\n\t\t\t\t\t<div class=\"elementor-slides-wrapper elementor-main-swiper swiper\" role=\"region\" aria-roledescription=\"carousel\" aria-label=\"Slides\" dir=\"ltr\" data-animation=\"fadeInUp\">\n\t\t\t\t<div class=\"swiper-wrapper elementor-slides\">\n\t\t\t\t\t\t\t\t\t\t<div class=\"elementor-repeater-item-1d3122e swiper-slide\" role=\"group\" aria-roledescription=\"slide\"><div class=\"swiper-slide-bg\" role=\"img\" aria-label=\"FCR_Centre_Commercial_Domaine-21 (1)\"><\/div><div class=\"swiper-slide-inner\" ><div class=\"swiper-slide-contents\"><\/div><\/div><\/div>\t\t\t\t<\/div>\n\t\t\t\t\t\t\t<\/div>\n\t\t\t\t<\/div>\n\t\t\t\t\t\t\t\t<\/div>\n\t\t\t\t<\/div>\n\t\t\t\t<\/div>\n\t\t<div class=\"elementor-element elementor-element-3034535b e-con-full e-flex e-con e-parent\" data-id=\"3034535b\" data-element_type=\"container\">\n\t\t<div class=\"elementor-element elementor-element-6a263b30 e-con-full e-flex e-con e-child\" data-id=\"6a263b30\" data-element_type=\"container\">\n\t\t\t\t<div class=\"elementor-element elementor-element-39b4cc8f elementor-widget elementor-widget-heading\" data-id=\"39b4cc8f\" data-element_type=\"widget\" data-widget_type=\"heading.default\">\n\t\t\t\t<div class=\"elementor-widget-container\">\n\t\t\t\t\t<h2 class=\"elementor-heading-title elementor-size-default\">Bonjour Montr\u00e9al!\n<\/h2>\t\t\t\t<\/div>\n\t\t\t\t<\/div>\n\t\t\t\t<div class=\"elementor-element elementor-element-2ef045f7 elementor-widget elementor-widget-heading\" data-id=\"2ef045f7\" data-element_type=\"widget\" data-widget_type=\"heading.default\">\n\t\t\t\t<div class=\"elementor-widget-container\">\n\t\t\t\t\t<h3 class=\"elementor-heading-title elementor-size-default\">Bienvenue au Centre Domaine<\/h3>\t\t\t\t<\/div>\n\t\t\t\t<\/div>\n\t\t\t\t<div class=\"elementor-element elementor-element-6cca1cbf elementor-widget elementor-widget-text-editor\" data-id=\"6cca1cbf\" data-element_type=\"widget\" data-widget_type=\"text-editor.default\">\n\t\t\t\t<div class=\"elementor-widget-container\">\n\t\t\t\t\t\t\t\t\t<p>Le Centre Commercial Domaine est l\u2019un des plus anciens centres commerciaux de Montr\u00e9al. Le march\u00e9 M\u00e9tro et le Walmart occupent les deux extr\u00e9mit\u00e9s de ce centre qui est strat\u00e9giquement situ\u00e9 pr\u00e8s de la station de m\u00e9tro Langelier, au coin des rues Sherbrooke Est et Langelier.  <\/p>\t\t\t\t\t\t\t\t<\/div>\n\t\t\t\t<\/div>\n\t\t\t\t<div class=\"elementor-element elementor-element-5b473ebf elementor-invisible elementor-widget elementor-widget-button\" data-id=\"5b473ebf\" data-element_type=\"widget\" data-settings=\"{&quot;_animation&quot;:&quot;fadeInDown&quot;}\" data-widget_type=\"button.default\">\n\t\t\t\t<div class=\"elementor-widget-container\">\n\t\t\t\t\t\t\t\t\t<div class=\"elementor-button-wrapper\">\n\t\t\t\t\t<a class=\"elementor-button elementor-button-link elementor-size-sm\" href=\"\/directory\/\">\n\t\t\t\t\t\t<span class=\"elementor-button-content-wrapper\">\n\t\t\t\t\t\t\t\t\t<span class=\"elementor-button-text\">Notre Magazines<\/span>\n\t\t\t\t\t<\/span>\n\t\t\t\t\t<\/a>\n\t\t\t\t<\/div>\n\t\t\t\t\t\t\t\t<\/div>\n\t\t\t\t<\/div>\n\t\t\t\t<\/div>\n\t\t<div class=\"elementor-element elementor-element-5b47e6ab e-con-full e-flex e-con e-child\" data-id=\"5b47e6ab\" data-element_type=\"container\">\n\t\t\t\t<div class=\"elementor-element elementor-element-3f9683f3 elementor-widget elementor-widget-image\" data-id=\"3f9683f3\" data-element_type=\"widget\" data-widget_type=\"image.default\">\n\t\t\t\t<div class=\"elementor-widget-container\">\n\t\t\t\t\t\t\t\t\t\t\t\t\t\t\t<img fetchpriority=\"high\" decoding=\"async\" width=\"1883\" height=\"900\" src=\"https:\/\/www.centredomaine.com\/wp-content\/uploads\/sites\/10\/2025\/11\/Centre-Domaine-Header-e1764108180342.jpg\" class=\"attachment-full size-full wp-image-1482\" alt=\"\" srcset=\"https:\/\/www.centredomaine.com\/wp-content\/uploads\/sites\/10\/2025\/11\/Centre-Domaine-Header-e1764108180342.jpg 1883w, https:\/\/www.centredomaine.com\/wp-content\/uploads\/sites\/10\/2025\/11\/Centre-Domaine-Header-e1764108180342-300x143.jpg 300w, https:\/\/www.centredomaine.com\/wp-content\/uploads\/sites\/10\/2025\/11\/Centre-Domaine-Header-e1764108180342-1024x489.jpg 1024w, https:\/\/www.centredomaine.com\/wp-content\/uploads\/sites\/10\/2025\/11\/Centre-Domaine-Header-e1764108180342-768x367.jpg 768w, https:\/\/www.centredomaine.com\/wp-content\/uploads\/sites\/10\/2025\/11\/Centre-Domaine-Header-e1764108180342-1536x734.jpg 1536w\" sizes=\"(max-width: 1883px) 100vw, 1883px\" \/>\t\t\t\t\t\t\t\t\t\t\t\t\t\t\t<\/div>\n\t\t\t\t<\/div>\n\t\t\t\t<\/div>\n\t\t\t\t<\/div>\n\t\t\t\t<\/div>\n\t\t","protected":false},"excerpt":{"rendered":"<p>Bonjour Montr\u00e9al! Bienvenue au Centre Domaine Le Centre Commercial Domaine est l\u2019un des plus anciens centres commerciaux de Montr\u00e9al. Le march\u00e9 M\u00e9tro et le Walmart occupent les deux extr\u00e9mit\u00e9s de ce centre qui est strat\u00e9giquement situ\u00e9 pr\u00e8s de la station de m\u00e9tro Langelier, au coin des rues Sherbrooke Est et Langelier. Notre Magazines<\/p>\n","protected":false},"author":1,"featured_media":1482,"parent":0,"menu_order":0,"comment_status":"closed","ping_status":"closed","template":"elementor_theme","meta":{"_acf_changed":false,"footnotes":""},"class_list":["post-1487","page","type-page","status-publish","has-post-thumbnail","hentry"],"acf":[],"yoast_head":"<!-- This site is optimized with the Yoast SEO plugin v26.0 - https:\/\/yoast.com\/wordpress\/plugins\/seo\/ -->\n<title>Accueil - Centre Domaine<\/title>\n<meta name=\"description\" content=\"Le Centre Domaine comprend une vari\u00e9t\u00e9 de restaurants, de magasins et de services, ce qui en fait un lieu unique pour tous vos besoins quotidiens.\" \/>\n<meta name=\"robots\" content=\"index, follow, max-snippet:-1, max-image-preview:large, max-video-preview:-1\" \/>\n<link rel=\"canonical\" href=\"https:\/\/www.centredomaine.com\/fr\/\" \/>\n<meta property=\"og:locale\" content=\"fr_FR\" \/>\n<meta property=\"og:type\" content=\"article\" \/>\n<meta property=\"og:title\" content=\"Accueil - Centre Domaine\" \/>\n<meta property=\"og:description\" content=\"Le Centre Domaine comprend une vari\u00e9t\u00e9 de restaurants, de magasins et de services, ce qui en fait un lieu unique pour tous vos besoins quotidiens.\" \/>\n<meta property=\"og:url\" content=\"https:\/\/www.centredomaine.com\/fr\/\" \/>\n<meta property=\"og:site_name\" content=\"Centre Domaine\" \/>\n<meta property=\"article:modified_time\" content=\"2026-03-04T15:33:09+00:00\" \/>\n<meta property=\"og:image\" content=\"https:\/\/www.centredomaine.com\/wp-content\/uploads\/sites\/10\/2025\/11\/Centre-Domaine-Header-e1764108180342.jpg\" \/>\n\t<meta property=\"og:image:width\" content=\"1883\" \/>\n\t<meta property=\"og:image:height\" content=\"900\" \/>\n\t<meta property=\"og:image:type\" content=\"image\/jpeg\" \/>\n<meta name=\"twitter:card\" content=\"summary_large_image\" \/>\n<meta name=\"twitter:label1\" content=\"Dur\u00e9e de lecture estim\u00e9e\" \/>\n\t<meta name=\"twitter:data1\" content=\"1 minute\" \/>\n<script type=\"application\/ld+json\" class=\"yoast-schema-graph\">{\"@context\":\"https:\/\/schema.org\",\"@graph\":[{\"@type\":\"WebPage\",\"@id\":\"https:\/\/www.centredomaine.com\/fr\/\",\"url\":\"https:\/\/www.centredomaine.com\/fr\/\",\"name\":\"Accueil - Centre Domaine\",\"isPartOf\":{\"@id\":\"https:\/\/www.centredomaine.com\/fr\/#website\"},\"primaryImageOfPage\":{\"@id\":\"https:\/\/www.centredomaine.com\/fr\/#primaryimage\"},\"image\":{\"@id\":\"https:\/\/www.centredomaine.com\/fr\/#primaryimage\"},\"thumbnailUrl\":\"https:\/\/www.centredomaine.com\/wp-content\/uploads\/sites\/10\/2025\/11\/Centre-Domaine-Header-e1764108180342.jpg\",\"datePublished\":\"2025-02-06T18:10:31+00:00\",\"dateModified\":\"2026-03-04T15:33:09+00:00\",\"description\":\"Le Centre Domaine comprend une vari\u00e9t\u00e9 de restaurants, de magasins et de services, ce qui en fait un lieu unique pour tous vos besoins quotidiens.\",\"breadcrumb\":{\"@id\":\"https:\/\/www.centredomaine.com\/fr\/#breadcrumb\"},\"inLanguage\":\"fr-FR\",\"potentialAction\":[{\"@type\":\"ReadAction\",\"target\":[\"https:\/\/www.centredomaine.com\/fr\/\"]}]},{\"@type\":\"ImageObject\",\"inLanguage\":\"fr-FR\",\"@id\":\"https:\/\/www.centredomaine.com\/fr\/#primaryimage\",\"url\":\"https:\/\/www.centredomaine.com\/wp-content\/uploads\/sites\/10\/2025\/11\/Centre-Domaine-Header-e1764108180342.jpg\",\"contentUrl\":\"https:\/\/www.centredomaine.com\/wp-content\/uploads\/sites\/10\/2025\/11\/Centre-Domaine-Header-e1764108180342.jpg\",\"width\":1883,\"height\":900},{\"@type\":\"BreadcrumbList\",\"@id\":\"https:\/\/www.centredomaine.com\/fr\/#breadcrumb\",\"itemListElement\":[{\"@type\":\"ListItem\",\"position\":1,\"name\":\"Home\",\"item\":\"https:\/\/www.centredomaine.com\/fr\/\"},{\"@type\":\"ListItem\",\"position\":2,\"name\":\"Accueil\"}]},{\"@type\":\"WebSite\",\"@id\":\"https:\/\/www.centredomaine.com\/fr\/#website\",\"url\":\"https:\/\/www.centredomaine.com\/fr\/\",\"name\":\"Centre Domaine\",\"description\":\"\",\"potentialAction\":[{\"@type\":\"SearchAction\",\"target\":{\"@type\":\"EntryPoint\",\"urlTemplate\":\"https:\/\/www.centredomaine.com\/fr\/?s={search_term_string}\"},\"query-input\":{\"@type\":\"PropertyValueSpecification\",\"valueRequired\":true,\"valueName\":\"search_term_string\"}}],\"inLanguage\":\"fr-FR\"}]}<\/script>\n<!-- \/ Yoast SEO plugin. -->","yoast_head_json":{"title":"Accueil - Centre Domaine","description":"Le Centre Domaine comprend une vari\u00e9t\u00e9 de restaurants, de magasins et de services, ce qui en fait un lieu unique pour tous vos besoins quotidiens.","robots":{"index":"index","follow":"follow","max-snippet":"max-snippet:-1","max-image-preview":"max-image-preview:large","max-video-preview":"max-video-preview:-1"},"canonical":"https:\/\/www.centredomaine.com\/fr\/","og_locale":"fr_FR","og_type":"article","og_title":"Accueil - Centre Domaine","og_description":"Le Centre Domaine comprend une vari\u00e9t\u00e9 de restaurants, de magasins et de services, ce qui en fait un lieu unique pour tous vos besoins quotidiens.","og_url":"https:\/\/www.centredomaine.com\/fr\/","og_site_name":"Centre Domaine","article_modified_time":"2026-03-04T15:33:09+00:00","og_image":[{"width":1883,"height":900,"url":"https:\/\/www.centredomaine.com\/wp-content\/uploads\/sites\/10\/2025\/11\/Centre-Domaine-Header-e1764108180342.jpg","type":"image\/jpeg"}],"twitter_card":"summary_large_image","twitter_misc":{"Dur\u00e9e de lecture estim\u00e9e":"1 minute"},"schema":{"@context":"https:\/\/schema.org","@graph":[{"@type":"WebPage","@id":"https:\/\/www.centredomaine.com\/fr\/","url":"https:\/\/www.centredomaine.com\/fr\/","name":"Accueil - Centre Domaine","isPartOf":{"@id":"https:\/\/www.centredomaine.com\/fr\/#website"},"primaryImageOfPage":{"@id":"https:\/\/www.centredomaine.com\/fr\/#primaryimage"},"image":{"@id":"https:\/\/www.centredomaine.com\/fr\/#primaryimage"},"thumbnailUrl":"https:\/\/www.centredomaine.com\/wp-content\/uploads\/sites\/10\/2025\/11\/Centre-Domaine-Header-e1764108180342.jpg","datePublished":"2025-02-06T18:10:31+00:00","dateModified":"2026-03-04T15:33:09+00:00","description":"Le Centre Domaine comprend une vari\u00e9t\u00e9 de restaurants, de magasins et de services, ce qui en fait un lieu unique pour tous vos besoins quotidiens.","breadcrumb":{"@id":"https:\/\/www.centredomaine.com\/fr\/#breadcrumb"},"inLanguage":"fr-FR","potentialAction":[{"@type":"ReadAction","target":["https:\/\/www.centredomaine.com\/fr\/"]}]},{"@type":"ImageObject","inLanguage":"fr-FR","@id":"https:\/\/www.centredomaine.com\/fr\/#primaryimage","url":"https:\/\/www.centredomaine.com\/wp-content\/uploads\/sites\/10\/2025\/11\/Centre-Domaine-Header-e1764108180342.jpg","contentUrl":"https:\/\/www.centredomaine.com\/wp-content\/uploads\/sites\/10\/2025\/11\/Centre-Domaine-Header-e1764108180342.jpg","width":1883,"height":900},{"@type":"BreadcrumbList","@id":"https:\/\/www.centredomaine.com\/fr\/#breadcrumb","itemListElement":[{"@type":"ListItem","position":1,"name":"Home","item":"https:\/\/www.centredomaine.com\/fr\/"},{"@type":"ListItem","position":2,"name":"Accueil"}]},{"@type":"WebSite","@id":"https:\/\/www.centredomaine.com\/fr\/#website","url":"https:\/\/www.centredomaine.com\/fr\/","name":"Centre Domaine","description":"","potentialAction":[{"@type":"SearchAction","target":{"@type":"EntryPoint","urlTemplate":"https:\/\/www.centredomaine.com\/fr\/?s={search_term_string}"},"query-input":{"@type":"PropertyValueSpecification","valueRequired":true,"valueName":"search_term_string"}}],"inLanguage":"fr-FR"}]}},"_links":{"self":[{"href":"https:\/\/www.centredomaine.com\/fr\/wp-json\/wp\/v2\/pages\/1487","targetHints":{"allow":["GET"]}}],"collection":[{"href":"https:\/\/www.centredomaine.com\/fr\/wp-json\/wp\/v2\/pages"}],"about":[{"href":"https:\/\/www.centredomaine.com\/fr\/wp-json\/wp\/v2\/types\/page"}],"author":[{"embeddable":true,"href":"https:\/\/www.centredomaine.com\/fr\/wp-json\/wp\/v2\/users\/1"}],"replies":[{"embeddable":true,"href":"https:\/\/www.centredomaine.com\/fr\/wp-json\/wp\/v2\/comments?post=1487"}],"version-history":[{"count":5,"href":"https:\/\/www.centredomaine.com\/fr\/wp-json\/wp\/v2\/pages\/1487\/revisions"}],"predecessor-version":[{"id":1578,"href":"https:\/\/www.centredomaine.com\/fr\/wp-json\/wp\/v2\/pages\/1487\/revisions\/1578"}],"wp:featuredmedia":[{"embeddable":true,"href":"https:\/\/www.centredomaine.com\/fr\/wp-json\/wp\/v2\/media\/1482"}],"wp:attachment":[{"href":"https:\/\/www.centredomaine.com\/fr\/wp-json\/wp\/v2\/media?parent=1487"}],"curies":[{"name":"wp","href":"https:\/\/api.w.org\/{rel}","templated":true}]}}